{"id":275,"date":"2011-06-12T21:19:44","date_gmt":"2011-06-12T19:19:44","guid":{"rendered":"http:\/\/fanfaredubono.fr\/?page_id=275"},"modified":"2026-01-22T15:20:56","modified_gmt":"2026-01-22T14:20:56","slug":"videos","status":"publish","type":"page","link":"https:\/\/fanfaredubono.fr\/index.php\/videos\/","title":{"rendered":"Vid\u00e9os"},"content":{"rendered":"<h1 style=\"text-align: center;\">Le medley de Datek<\/h1>\n<h1 style=\"text-align: center;\"><a href=\"https:\/\/youtu.be\/xIsOO8HZS3c\"><img loading=\"lazy\" decoding=\"async\" class=\"alignnone size-medium wp-image-9460\" src=\"http:\/\/fanfaredubono.fr\/wp-content\/uploads\/2025\/11\/JHL6117_DxO-300x182.jpg\" alt=\"\" width=\"300\" height=\"182\" srcset=\"https:\/\/fanfaredubono.fr\/wp-content\/uploads\/2025\/11\/JHL6117_DxO-300x182.jpg 300w, https:\/\/fanfaredubono.fr\/wp-content\/uploads\/2025\/11\/JHL6117_DxO-768x466.jpg 768w, https:\/\/fanfaredubono.fr\/wp-content\/uploads\/2025\/11\/JHL6117_DxO.jpg 960w\" sizes=\"auto, (max-width: 300px) 100vw, 300px\" \/><\/a><\/h1>\n<h1 style=\"text-align: center;\">Premi\u00e8re partie de Babylone Circus \u00e0 Rennes<\/h1>\n<h2 style=\"text-align: center;\">La Parade<\/h2>\n<h1 style=\"text-align: center;\"><a href=\"https:\/\/youtu.be\/xJMjF3MnmoA?si=w-VclvzkkHe5ynsM\"><img loading=\"lazy\" decoding=\"async\" class=\"alignnone size-medium wp-image-9444\" src=\"http:\/\/fanfaredubono.fr\/wp-content\/uploads\/2025\/11\/JHL6396_DxO-300x168.jpg\" alt=\"\" width=\"300\" height=\"168\" srcset=\"https:\/\/fanfaredubono.fr\/wp-content\/uploads\/2025\/11\/JHL6396_DxO-300x168.jpg 300w, https:\/\/fanfaredubono.fr\/wp-content\/uploads\/2025\/11\/JHL6396_DxO-768x430.jpg 768w, https:\/\/fanfaredubono.fr\/wp-content\/uploads\/2025\/11\/JHL6396_DxO.jpg 960w\" sizes=\"auto, (max-width: 300px) 100vw, 300px\" \/><\/a><\/h1>\n<h2 style=\"text-align: center;\">Manea<\/h2>\n<p style=\"text-align: center;\"><a href=\"https:\/\/youtu.be\/Go7VxHZCtlw?si=1rrJ3gVioOYWNB7F\"><img loading=\"lazy\" decoding=\"async\" class=\"alignnone size-medium wp-image-9451\" src=\"http:\/\/fanfaredubono.fr\/wp-content\/uploads\/2025\/11\/JHL6704_DxO-300x171.jpg\" alt=\"\" width=\"300\" height=\"171\" srcset=\"https:\/\/fanfaredubono.fr\/wp-content\/uploads\/2025\/11\/JHL6704_DxO-300x171.jpg 300w, https:\/\/fanfaredubono.fr\/wp-content\/uploads\/2025\/11\/JHL6704_DxO-768x438.jpg 768w, https:\/\/fanfaredubono.fr\/wp-content\/uploads\/2025\/11\/JHL6704_DxO.jpg 960w\" sizes=\"auto, (max-width: 300px) 100vw, 300px\" \/><\/a><\/p>\n<h2 style=\"text-align: center;\">Alabama<\/h2>\n<p style=\"text-align: center;\"><a href=\"https:\/\/youtu.be\/SuLN7LDaitk?si=VMswt1wT5znpuxKw\"><img loading=\"lazy\" decoding=\"async\" class=\"alignnone size-medium wp-image-9433\" src=\"http:\/\/fanfaredubono.fr\/wp-content\/uploads\/2025\/11\/JHL6287_DxO-300x203.jpg\" alt=\"\" width=\"300\" height=\"203\" srcset=\"https:\/\/fanfaredubono.fr\/wp-content\/uploads\/2025\/11\/JHL6287_DxO-300x203.jpg 300w, https:\/\/fanfaredubono.fr\/wp-content\/uploads\/2025\/11\/JHL6287_DxO-768x521.jpg 768w, https:\/\/fanfaredubono.fr\/wp-content\/uploads\/2025\/11\/JHL6287_DxO.jpg 960w\" sizes=\"auto, (max-width: 300px) 100vw, 300px\" \/><\/a><\/p>\n<h2 style=\"text-align: center;\">Pony<\/h2>\n<p style=\"text-align: center;\"><a href=\"https:\/\/youtu.be\/H-g6Ku7n-Ok?si=gmv8BWnQznJQMe7R\"><img loading=\"lazy\" decoding=\"async\" class=\"alignnone size-medium wp-image-9446\" src=\"http:\/\/fanfaredubono.fr\/wp-content\/uploads\/2025\/11\/JHL6232_DxO-300x170.jpg\" alt=\"\" width=\"300\" height=\"170\" srcset=\"https:\/\/fanfaredubono.fr\/wp-content\/uploads\/2025\/11\/JHL6232_DxO-300x170.jpg 300w, https:\/\/fanfaredubono.fr\/wp-content\/uploads\/2025\/11\/JHL6232_DxO-768x435.jpg 768w, https:\/\/fanfaredubono.fr\/wp-content\/uploads\/2025\/11\/JHL6232_DxO.jpg 960w\" sizes=\"auto, (max-width: 300px) 100vw, 300px\" \/><\/a><\/p>\n<h1 style=\"text-align: center;\">La semaine du Golfe 2025 \u00e0 Plougoumelen<\/h1>\n<h2 style=\"text-align: center;\">Taksim<\/h2>\n<p><a href=\"https:\/\/youtu.be\/mjICDeTNHSc\"><img loading=\"lazy\" decoding=\"async\" class=\"aligncenter size-medium wp-image-8973\" src=\"http:\/\/fanfaredubono.fr\/wp-content\/uploads\/2025\/06\/JHL9700_DxO-300x224.jpg\" alt=\"\" width=\"300\" height=\"224\" srcset=\"https:\/\/fanfaredubono.fr\/wp-content\/uploads\/2025\/06\/JHL9700_DxO-300x224.jpg 300w, https:\/\/fanfaredubono.fr\/wp-content\/uploads\/2025\/06\/JHL9700_DxO-768x573.jpg 768w, https:\/\/fanfaredubono.fr\/wp-content\/uploads\/2025\/06\/JHL9700_DxO.jpg 960w\" sizes=\"auto, (max-width: 300px) 100vw, 300px\" \/><\/a><\/p>\n<h2 style=\"text-align: center;\">Sweet Dreams<\/h2>\n<p><a href=\"https:\/\/youtu.be\/LTzKZonh7n8\"><img loading=\"lazy\" decoding=\"async\" class=\"aligncenter size-medium wp-image-8976\" src=\"http:\/\/fanfaredubono.fr\/wp-content\/uploads\/2025\/06\/JHL9725_DxO-300x183.jpg\" alt=\"\" width=\"300\" height=\"183\" srcset=\"https:\/\/fanfaredubono.fr\/wp-content\/uploads\/2025\/06\/JHL9725_DxO-300x183.jpg 300w, https:\/\/fanfaredubono.fr\/wp-content\/uploads\/2025\/06\/JHL9725_DxO-768x468.jpg 768w, https:\/\/fanfaredubono.fr\/wp-content\/uploads\/2025\/06\/JHL9725_DxO.jpg 960w\" sizes=\"auto, (max-width: 300px) 100vw, 300px\" \/><\/a><\/p>\n<h2 style=\"text-align: center;\">Move it<\/h2>\n<p><a href=\"https:\/\/youtu.be\/rhTrcCxWaUk\"><img loading=\"lazy\" decoding=\"async\" class=\"aligncenter size-medium wp-image-8961\" src=\"http:\/\/fanfaredubono.fr\/wp-content\/uploads\/2025\/06\/JHL9860_DxO-300x161.jpg\" alt=\"\" width=\"300\" height=\"161\" srcset=\"https:\/\/fanfaredubono.fr\/wp-content\/uploads\/2025\/06\/JHL9860_DxO-300x161.jpg 300w, https:\/\/fanfaredubono.fr\/wp-content\/uploads\/2025\/06\/JHL9860_DxO-768x412.jpg 768w, https:\/\/fanfaredubono.fr\/wp-content\/uploads\/2025\/06\/JHL9860_DxO.jpg 960w\" sizes=\"auto, (max-width: 300px) 100vw, 300px\" \/><\/a><\/p>\n<h2 style=\"text-align: center;\">Datek<\/h2>\n<p><a href=\"https:\/\/youtu.be\/qaR4__oTvKU\"><img loading=\"lazy\" decoding=\"async\" class=\"aligncenter size-medium wp-image-8962\" src=\"http:\/\/fanfaredubono.fr\/wp-content\/uploads\/2025\/06\/JHL9866_DxO-300x218.jpg\" alt=\"\" width=\"300\" height=\"218\" srcset=\"https:\/\/fanfaredubono.fr\/wp-content\/uploads\/2025\/06\/JHL9866_DxO-300x218.jpg 300w, https:\/\/fanfaredubono.fr\/wp-content\/uploads\/2025\/06\/JHL9866_DxO-768x557.jpg 768w, https:\/\/fanfaredubono.fr\/wp-content\/uploads\/2025\/06\/JHL9866_DxO.jpg 960w\" sizes=\"auto, (max-width: 300px) 100vw, 300px\" \/><\/a><\/p>\n<h1 style=\"text-align: center;\">Le clip nouveau est arriv\u00e9 !<\/h1>\n<p style=\"text-align: center;\"><a href=\"https:\/\/youtu.be\/4PXhNmfCVSc?si=VGb4gqDergiALBDvhttp:\/\/fanfaredubono.fr\/wp-content\/uploads\/2024\/09\/JHLAVIE00029.jpg\"><img loading=\"lazy\" decoding=\"async\" class=\"aligncenter size-medium wp-image-8395\" src=\"http:\/\/fanfaredubono.fr\/wp-content\/uploads\/2024\/09\/JHLAVIE00029-300x187.jpg\" alt=\"\" width=\"300\" height=\"187\" srcset=\"https:\/\/fanfaredubono.fr\/wp-content\/uploads\/2024\/09\/JHLAVIE00029-300x187.jpg 300w, https:\/\/fanfaredubono.fr\/wp-content\/uploads\/2024\/09\/JHLAVIE00029-768x478.jpg 768w, https:\/\/fanfaredubono.fr\/wp-content\/uploads\/2024\/09\/JHLAVIE00029-320x200.jpg 320w, https:\/\/fanfaredubono.fr\/wp-content\/uploads\/2024\/09\/JHLAVIE00029.jpg 960w\" sizes=\"auto, (max-width: 300px) 100vw, 300px\" \/><\/a><\/p>\n<h1 style=\"text-align: center;\">Le Medley de Turtle dactyle<\/h1>\n<p style=\"text-align: center;\"><a href=\"https:\/\/youtu.be\/rz1jFtqV314?si=yoe8uYW94WZpECCu\"><img loading=\"lazy\" decoding=\"async\" class=\"aligncenter wp-image-8261 size-medium\" src=\"http:\/\/fanfaredubono.fr\/wp-content\/uploads\/2024\/07\/JHL8060_DxO-300x181.jpg\" alt=\"\" width=\"300\" height=\"181\" srcset=\"https:\/\/fanfaredubono.fr\/wp-content\/uploads\/2024\/07\/JHL8060_DxO-300x181.jpg 300w, https:\/\/fanfaredubono.fr\/wp-content\/uploads\/2024\/07\/JHL8060_DxO-768x464.jpg 768w, https:\/\/fanfaredubono.fr\/wp-content\/uploads\/2024\/07\/JHL8060_DxO.jpg 960w\" sizes=\"auto, (max-width: 300px) 100vw, 300px\" \/><\/a><\/p>\n<h1 style=\"text-align: center;\">Les vid\u00e9os du concert des Arcs \u00e0 Qu\u00e9ven<\/h1>\n<h2 style=\"text-align: center;\">Fleuves<\/h2>\n<h2 style=\"text-align: center;\"><a href=\"https:\/\/youtu.be\/QQ9jdVJFG8U\"><img loading=\"lazy\" decoding=\"async\" class=\"aligncenter size-medium wp-image-7056\" src=\"http:\/\/fanfaredubono.fr\/wp-content\/uploads\/2023\/05\/JHL9134_DxO-300x218.jpg\" alt=\"\" width=\"300\" height=\"218\" srcset=\"https:\/\/fanfaredubono.fr\/wp-content\/uploads\/2023\/05\/JHL9134_DxO-300x218.jpg 300w, https:\/\/fanfaredubono.fr\/wp-content\/uploads\/2023\/05\/JHL9134_DxO-768x557.jpg 768w, https:\/\/fanfaredubono.fr\/wp-content\/uploads\/2023\/05\/JHL9134_DxO.jpg 960w\" sizes=\"auto, (max-width: 300px) 100vw, 300px\" \/><br \/>\n<\/a><\/h2>\n<h2 style=\"text-align: center;\">Killing the name<\/h2>\n<p style=\"text-align: center;\"><a href=\"https:\/\/youtu.be\/lWoMdalWmzs\"><img loading=\"lazy\" decoding=\"async\" class=\"aligncenter size-medium wp-image-7069\" src=\"http:\/\/fanfaredubono.fr\/wp-content\/uploads\/2023\/05\/JHL9208_DxO-300x200.jpg\" alt=\"\" width=\"300\" height=\"200\" srcset=\"https:\/\/fanfaredubono.fr\/wp-content\/uploads\/2023\/05\/JHL9208_DxO-300x200.jpg 300w, https:\/\/fanfaredubono.fr\/wp-content\/uploads\/2023\/05\/JHL9208_DxO-768x511.jpg 768w, https:\/\/fanfaredubono.fr\/wp-content\/uploads\/2023\/05\/JHL9208_DxO.jpg 960w\" sizes=\"auto, (max-width: 300px) 100vw, 300px\" \/><\/a><\/p>\n<h2 style=\"text-align: center;\">Poup\u00e9e de cire<\/h2>\n<p style=\"text-align: center;\"><a href=\"https:\/\/youtu.be\/9ElzpvklsX4\"><img loading=\"lazy\" decoding=\"async\" class=\"aligncenter size-medium wp-image-7064\" src=\"http:\/\/fanfaredubono.fr\/wp-content\/uploads\/2023\/05\/JHL9160_DxO-300x200.jpg\" alt=\"\" width=\"300\" height=\"200\" srcset=\"https:\/\/fanfaredubono.fr\/wp-content\/uploads\/2023\/05\/JHL9160_DxO-300x200.jpg 300w, https:\/\/fanfaredubono.fr\/wp-content\/uploads\/2023\/05\/JHL9160_DxO-768x511.jpg 768w, https:\/\/fanfaredubono.fr\/wp-content\/uploads\/2023\/05\/JHL9160_DxO.jpg 960w\" sizes=\"auto, (max-width: 300px) 100vw, 300px\" \/><\/a><\/p>\n<h1 style=\"text-align: center;\">Le Medley<\/h1>\n<p><a href=\"https:\/\/youtu.be\/TB0zh0IRFmo\"><img loading=\"lazy\" decoding=\"async\" class=\"aligncenter size-full wp-image-5711\" src=\"http:\/\/fanfaredubono.fr\/wp-content\/uploads\/MINILOGO-copie.png\" alt=\"MINILOGO copie\" width=\"168\" height=\"168\" srcset=\"https:\/\/fanfaredubono.fr\/wp-content\/uploads\/MINILOGO-copie.png 168w, https:\/\/fanfaredubono.fr\/wp-content\/uploads\/MINILOGO-copie-150x150.png 150w\" sizes=\"auto, (max-width: 168px) 100vw, 168px\" \/><\/a><\/p>\n<h1 style=\"text-align: center;\">Les vid\u00e9os sur le bateau<\/h1>\n<h2 style=\"text-align: center;\">Turtle dactyle<\/h2>\n<p><a href=\"https:\/\/youtu.be\/Wlv_kQC-q5k\"><img loading=\"lazy\" decoding=\"async\" class=\" size-medium wp-image-5815 aligncenter\" src=\"http:\/\/fanfaredubono.fr\/wp-content\/uploads\/JHLAVIE3460_DxO-Grande-copie-300x200.jpeg\" alt=\"JHLAVIE3460_DxO Grande copie\" width=\"300\" height=\"200\" srcset=\"https:\/\/fanfaredubono.fr\/wp-content\/uploads\/JHLAVIE3460_DxO-Grande-copie-300x200.jpeg 300w, https:\/\/fanfaredubono.fr\/wp-content\/uploads\/JHLAVIE3460_DxO-Grande-copie.jpeg 1280w\" sizes=\"auto, (max-width: 300px) 100vw, 300px\" \/><\/a><\/p>\n<h2 style=\"text-align: center;\">Paint it black<\/h2>\n<p style=\"text-align: center;\"><a href=\"https:\/\/youtu.be\/WcH4tM8zt1Y\"><img loading=\"lazy\" decoding=\"async\" class=\"alignnone size-medium wp-image-5800\" src=\"http:\/\/fanfaredubono.fr\/wp-content\/uploads\/JHLAVIE3511_DxO-Moyenne-copie-300x229.jpeg\" alt=\"JHLAVIE3511_DxO Moyenne copie\" width=\"300\" height=\"229\" srcset=\"https:\/\/fanfaredubono.fr\/wp-content\/uploads\/JHLAVIE3511_DxO-Moyenne-copie-300x229.jpeg 300w, https:\/\/fanfaredubono.fr\/wp-content\/uploads\/JHLAVIE3511_DxO-Moyenne-copie.jpeg 640w\" sizes=\"auto, (max-width: 300px) 100vw, 300px\" \/><\/a><\/p>\n<h1 style=\"text-align: center;\">Les vid\u00e9os du concert\u00a0\u00e0 la Trinquette<\/h1>\n<h2 style=\"text-align: center;\">The legend<\/h2>\n<p style=\"text-align: center;\"><a href=\"https:\/\/youtu.be\/Cl1tfF8C3BU\"><img loading=\"lazy\" decoding=\"async\" class=\"alignnone size-medium wp-image-5804\" src=\"http:\/\/fanfaredubono.fr\/wp-content\/uploads\/JHLAVIE2981_DxO-Moyenne-copie-300x200.jpeg\" alt=\"JHLAVIE2981_DxO Moyenne copie\" width=\"300\" height=\"200\" srcset=\"https:\/\/fanfaredubono.fr\/wp-content\/uploads\/JHLAVIE2981_DxO-Moyenne-copie-300x200.jpeg 300w, https:\/\/fanfaredubono.fr\/wp-content\/uploads\/JHLAVIE2981_DxO-Moyenne-copie.jpeg 640w\" sizes=\"auto, (max-width: 300px) 100vw, 300px\" \/><\/a><\/p>\n<h2 style=\"text-align: center;\">Kerberos<\/h2>\n<h2 style=\"text-align: center;\"><\/h2>\n<h2 style=\"text-align: center;\"><\/h2>\n<h2 style=\"text-align: center;\"><a href=\"https:\/\/youtu.be\/GCs4VJPiMxo\"><img loading=\"lazy\" decoding=\"async\" class=\"alignnone size-medium wp-image-5807\" src=\"http:\/\/fanfaredubono.fr\/wp-content\/uploads\/JHLAVIE2999_DxO-Grande-copie-200x300.jpeg\" alt=\"JHLAVIE2999_DxO Grande copie\" width=\"200\" height=\"300\" srcset=\"https:\/\/fanfaredubono.fr\/wp-content\/uploads\/JHLAVIE2999_DxO-Grande-copie-200x300.jpeg 200w, https:\/\/fanfaredubono.fr\/wp-content\/uploads\/JHLAVIE2999_DxO-Grande-copie-719x1080.jpeg 719w, https:\/\/fanfaredubono.fr\/wp-content\/uploads\/JHLAVIE2999_DxO-Grande-copie.jpeg 852w\" sizes=\"auto, (max-width: 200px) 100vw, 200px\" \/><\/a><\/h2>\n<h1 style=\"text-align: center;\">Les vid\u00e9os du stage \u00e0 Hoedic<\/h1>\n<h2 style=\"text-align: center;\">I like to move it<\/h2>\n<h1 style=\"text-align: center;\"><a href=\"https:\/\/youtu.be\/CRfgEF_J8Ss\"><img loading=\"lazy\" decoding=\"async\" class=\" size-medium wp-image-5858 aligncenter\" src=\"http:\/\/fanfaredubono.fr\/wp-content\/uploads\/JHLAVIE3272_DxO-300x200.jpg\" alt=\"JHLAVIE3272_DxO\" width=\"300\" height=\"200\" srcset=\"https:\/\/fanfaredubono.fr\/wp-content\/uploads\/JHLAVIE3272_DxO-300x200.jpg 300w, https:\/\/fanfaredubono.fr\/wp-content\/uploads\/JHLAVIE3272_DxO-1623x1080.jpg 1623w, https:\/\/fanfaredubono.fr\/wp-content\/uploads\/JHLAVIE3272_DxO.jpg 1784w\" sizes=\"auto, (max-width: 300px) 100vw, 300px\" \/><\/a><\/h1>\n<h2 style=\"text-align: center;\">Que je t&rsquo;aime<\/h2>\n<h2 style=\"text-align: center;\"><a href=\"https:\/\/youtu.be\/MQoU0j40RYw\"><img loading=\"lazy\" decoding=\"async\" class=\" size-medium wp-image-5852 aligncenter\" src=\"http:\/\/fanfaredubono.fr\/wp-content\/uploads\/JHLAVIE3298_DxO-300x178.jpg\" alt=\"JHLAVIE3298_DxO\" width=\"300\" height=\"178\" srcset=\"https:\/\/fanfaredubono.fr\/wp-content\/uploads\/JHLAVIE3298_DxO-300x178.jpg 300w, https:\/\/fanfaredubono.fr\/wp-content\/uploads\/JHLAVIE3298_DxO.jpg 1784w\" sizes=\"auto, (max-width: 300px) 100vw, 300px\" \/><\/a><\/h2>\n<h1 style=\"text-align: center;\">Les videos du COOTA<\/h1>\n<h2 style=\"text-align: center;\">The Rage<\/h2>\n<p style=\"text-align: center;\"><a href=\"https:\/\/youtu.be\/ZMPH4gYA1ec\"><img loading=\"lazy\" decoding=\"async\" class=\"alignnone wp-image-5731 size-medium\" src=\"http:\/\/fanfaredubono.fr\/wp-content\/uploads\/JHL2265_DxO-Grande-300x200.jpeg\" alt=\"_JHL2265_DxO Grande\" width=\"300\" height=\"200\" srcset=\"https:\/\/fanfaredubono.fr\/wp-content\/uploads\/JHL2265_DxO-Grande-300x200.jpeg 300w, https:\/\/fanfaredubono.fr\/wp-content\/uploads\/JHL2265_DxO-Grande.jpeg 1280w\" sizes=\"auto, (max-width: 300px) 100vw, 300px\" \/><\/a><\/p>\n<h2 style=\"text-align: center;\">Ain&rsquo;t she sweet<\/h2>\n<p style=\"text-align: center;\"><a href=\"https:\/\/youtu.be\/yDYuHM7bnHc\"><img loading=\"lazy\" decoding=\"async\" class=\"alignnone wp-image-5734 size-medium\" src=\"http:\/\/fanfaredubono.fr\/wp-content\/uploads\/JHL2319_DxO-Grande-300x200.jpeg\" alt=\"_JHL2319_DxO Grande\" width=\"300\" height=\"200\" srcset=\"https:\/\/fanfaredubono.fr\/wp-content\/uploads\/JHL2319_DxO-Grande-300x200.jpeg 300w, https:\/\/fanfaredubono.fr\/wp-content\/uploads\/JHL2319_DxO-Grande.jpeg 1280w\" sizes=\"auto, (max-width: 300px) 100vw, 300px\" \/><\/a><\/p>\n<h1 style=\"text-align: center;\">LE CLIP DE LA FANFARE<\/h1>\n<p style=\"text-align: center;\"><a href=\"https:\/\/www.youtube.com\/watch?app=desktop&amp;v=LPBslXJRddEhttp:\/\/\"><img loading=\"lazy\" decoding=\"async\" class=\"alignnone size-medium wp-image-4735\" src=\"http:\/\/fanfaredubono.fr\/wp-content\/uploads\/Clip-300x206.jpeg\" alt=\"Clip\" width=\"300\" height=\"206\" srcset=\"https:\/\/fanfaredubono.fr\/wp-content\/uploads\/Clip-300x206.jpeg 300w, https:\/\/fanfaredubono.fr\/wp-content\/uploads\/Clip.jpeg 761w\" sizes=\"auto, (max-width: 300px) 100vw, 300px\" \/><\/a><\/p>\n<h1 style=\"text-align: center;\">F\u00eate de la musique<br \/>\nAuray(21 juin 2017)<\/h1>\n<h2 style=\"text-align: center;\"><img decoding=\"async\" class=\"alignnone\" src=\"http:\/\/www.gas-mairie.info\/wp-content\/uploads\/2016\/12\/Fete-de-la-musique-2017.jpg\" alt=\"\" width=\"150\" \/><\/h2>\n<p style=\"text-align: center;\"><iframe loading=\"lazy\" src=\"https:\/\/youtube.com\/embed\/fGal54vt__Q\" width=\"427\" height=\"255\" frameborder=\"0\" allowfullscreen=\"allowfullscreen\"><\/iframe><iframe loading=\"lazy\" src=\"https:\/\/youtube.com\/embed\/v00FouDD1gc\" width=\"427\" height=\"255\" frameborder=\"0\" allowfullscreen=\"allowfullscreen\"><\/iframe><\/p>\n<p style=\"text-align: center;\"><iframe loading=\"lazy\" src=\"https:\/\/youtube.com\/embed\/xsnPbUX68WY\" width=\"427\" height=\"255\" frameborder=\"0\" allowfullscreen=\"allowfullscreen\"><\/iframe><iframe loading=\"lazy\" src=\"https:\/\/youtube.com\/embed\/MPY7Rmj_0bk\" width=\"427\" height=\"255\" frameborder=\"0\" allowfullscreen=\"allowfullscreen\"><\/iframe><\/p>\n<p style=\"text-align: center;\"><iframe loading=\"lazy\" src=\"https:\/\/youtube.com\/embed\/wv727ydPxnQ\" width=\"427\" height=\"255\" frameborder=\"0\" allowfullscreen=\"allowfullscreen\"><\/iframe><iframe loading=\"lazy\" src=\"https:\/\/youtube.com\/embed\/JGEmqKz2hAQ\" width=\"427\" height=\"255\" frameborder=\"0\" allowfullscreen=\"allowfullscreen\"><\/iframe><\/p>\n<h2 style=\"text-align: center;\">Les Petits Ports en F\u00eate<br \/>\nLe Bono (Juillet 2016)<br \/>\n<img decoding=\"async\" class=\" aligncenter\" title=\"Les Petits Ports en F\u00eate\" src=\"http:\/\/fanfaredubono.fr\/wp-content\/uploads\/images\/ppef2016.png\" alt=\"PPEF2016\" width=\"150\" \/><\/h2>\n<p style=\"text-align: center;\"><iframe loading=\"lazy\" src=\"https:\/\/www.youtube.com\/embed\/jSJobD_KSwA\" width=\"427\" height=\"255\" frameborder=\"0\" allowfullscreen=\"allowfullscreen\"><\/iframe><iframe loading=\"lazy\" src=\"https:\/\/www.youtube.com\/embed\/f_1hfd62wFU\" width=\"427\" height=\"255\" frameborder=\"0\" allowfullscreen=\"allowfullscreen\"><\/iframe><\/p>\n<p style=\"text-align: center;\"><iframe loading=\"lazy\" src=\"https:\/\/www.youtube.com\/embed\/mghAlWQHM9E\" width=\"427\" height=\"255\" frameborder=\"0\" allowfullscreen=\"allowfullscreen\"><\/iframe><iframe loading=\"lazy\" src=\"https:\/\/www.youtube.com\/embed\/G2-w2FWCcko\" width=\"427\" height=\"255\" frameborder=\"0\" allowfullscreen=\"allowfullscreen\"><\/iframe><\/p>\n<h1 style=\"text-align: center;\">Festival Algues au rythmes<br \/>\nArradon (Mai 2015)<br \/>\n<img loading=\"lazy\" decoding=\"async\" class=\" aligncenter\" title=\"Algues au rythme\" src=\"http:\/\/static.agendaculturel.fr\/im\/event\/2015\/02\/25\/10680087-424546894374284-374616448825431-nyma.jpg\" alt=\"2015\" width=\"150\" height=\"187\" \/><\/h1>\n<p style=\"text-align: center;\"><iframe loading=\"lazy\" src=\"https:\/\/www.youtube.com\/embed\/gkLcGrdjOlw\" width=\"427\" height=\"255\" frameborder=\"0\" allowfullscreen=\"allowfullscreen\"><\/iframe><iframe loading=\"lazy\" src=\"https:\/\/www.youtube.com\/embed\/eDPQi8Gwdh8\" width=\"427\" height=\"255\" frameborder=\"0\" allowfullscreen=\"allowfullscreen\"><\/iframe><\/p>\n<p style=\"text-align: center;\"><iframe loading=\"lazy\" src=\"https:\/\/www.youtube.com\/embed\/pdm0oq4cwzY\" width=\"427\" height=\"255\" frameborder=\"0\" allowfullscreen=\"allowfullscreen\"><\/iframe><iframe loading=\"lazy\" src=\"https:\/\/www.youtube.com\/embed\/7N0CHd0b5O4\" width=\"427\" height=\"255\" frameborder=\"0\" allowfullscreen=\"allowfullscreen\"><\/iframe><\/p>\n<p style=\"text-align: center;\">Le March\u00e9 de No\u00ebl du Bono<br \/>\n<iframe loading=\"lazy\" src=\"https:\/\/www.youtube.com\/embed\/i6xC3atmCaQ\" width=\"560\" height=\"315\" frameborder=\"0\" allowfullscreen=\"allowfullscreen\"><\/iframe><\/p>\n","protected":false},"excerpt":{"rendered":"<p>Le medley de Datek Premi\u00e8re partie de Babylone Circus \u00e0 Rennes La Parade Manea Alabama Pony La semaine du Golfe 2025 \u00e0 Plougoumelen Taksim Sweet Dreams Move it Datek Le clip nouveau est arriv\u00e9 ! Le Medley de Turtle dactyle &hellip; <a href=\"https:\/\/fanfaredubono.fr\/index.php\/videos\/\">Continuer la lecture <span class=\"meta-nav\">&rarr;<\/span><\/a><\/p>\n","protected":false},"author":1,"featured_media":9110,"parent":0,"menu_order":4,"comment_status":"closed","ping_status":"closed","template":"onecolumn-page.php","meta":{"footnotes":"","_links_to":"","_links_to_target":""},"class_list":["post-275","page","type-page","status-publish","has-post-thumbnail","hentry"],"_links":{"self":[{"href":"https:\/\/fanfaredubono.fr\/index.php\/wp-json\/wp\/v2\/pages\/275","targetHints":{"allow":["GET"]}}],"collection":[{"href":"https:\/\/fanfaredubono.fr\/index.php\/wp-json\/wp\/v2\/pages"}],"about":[{"href":"https:\/\/fanfaredubono.fr\/index.php\/wp-json\/wp\/v2\/types\/page"}],"author":[{"embeddable":true,"href":"https:\/\/fanfaredubono.fr\/index.php\/wp-json\/wp\/v2\/users\/1"}],"replies":[{"embeddable":true,"href":"https:\/\/fanfaredubono.fr\/index.php\/wp-json\/wp\/v2\/comments?post=275"}],"version-history":[{"count":14,"href":"https:\/\/fanfaredubono.fr\/index.php\/wp-json\/wp\/v2\/pages\/275\/revisions"}],"predecessor-version":[{"id":9567,"href":"https:\/\/fanfaredubono.fr\/index.php\/wp-json\/wp\/v2\/pages\/275\/revisions\/9567"}],"wp:featuredmedia":[{"embeddable":true,"href":"https:\/\/fanfaredubono.fr\/index.php\/wp-json\/wp\/v2\/media\/9110"}],"wp:attachment":[{"href":"https:\/\/fanfaredubono.fr\/index.php\/wp-json\/wp\/v2\/media?parent=275"}],"curies":[{"name":"wp","href":"https:\/\/api.w.org\/{rel}","templated":true}]}}