{"id":251,"date":"2011-06-12T18:52:27","date_gmt":"2011-06-12T16:52:27","guid":{"rendered":"http:\/\/fanfaredubono.fr\/?page_id=251"},"modified":"2025-06-14T16:22:38","modified_gmt":"2025-06-14T14:22:38","slug":"la-fanfare","status":"publish","type":"page","link":"https:\/\/fanfaredubono.fr\/index.php\/la-fanfare\/","title":{"rendered":"La Fanfare"},"content":{"rendered":"<p><a href=\"http:\/\/fanfaredubono.fr\/wp-content\/uploads\/2025\/06\/JHL0893_DxO.jpg\"><img loading=\"lazy\" decoding=\"async\" class=\"aligncenter wp-image-9036 size-full\" src=\"http:\/\/fanfaredubono.fr\/wp-content\/uploads\/2025\/06\/JHL0893_DxO.jpg\" alt=\"\" width=\"960\" height=\"550\" srcset=\"https:\/\/fanfaredubono.fr\/wp-content\/uploads\/2025\/06\/JHL0893_DxO.jpg 960w, https:\/\/fanfaredubono.fr\/wp-content\/uploads\/2025\/06\/JHL0893_DxO-300x172.jpg 300w, https:\/\/fanfaredubono.fr\/wp-content\/uploads\/2025\/06\/JHL0893_DxO-768x440.jpg 768w\" sizes=\"auto, (max-width: 960px) 100vw, 960px\" \/><\/a><\/p>\n<p>Collectif d&rsquo;une vingtaine de musiciens, la fanfare du Bono cis\u00e8le \u00e0 la meuleuse un set \u00e9clectique et \u00e9lectrique.<\/p>\n<p>Des Balkans au m\u00e9tal en passant par la tech&rsquo; et la chanson, le dance floor s&rsquo;enflamme, les cheveux repoussent, les pieds s&rsquo;agitent, les hanches se d\u00e9m\u00e8nent.<\/p>\n<p>Un seul mot d&rsquo;ordre : collectif no limit !<\/p>\n<p><a href=\"http:\/\/fanfaredubono.fr\/wp-content\/uploads\/2023\/05\/JHL9294_DxO.jpg\"><img loading=\"lazy\" decoding=\"async\" class=\"aligncenter wp-image-7088 size-full\" src=\"http:\/\/fanfaredubono.fr\/wp-content\/uploads\/2023\/05\/JHL9294_DxO.jpg\" alt=\"\" width=\"960\" height=\"647\" srcset=\"https:\/\/fanfaredubono.fr\/wp-content\/uploads\/2023\/05\/JHL9294_DxO.jpg 960w, https:\/\/fanfaredubono.fr\/wp-content\/uploads\/2023\/05\/JHL9294_DxO-300x202.jpg 300w, https:\/\/fanfaredubono.fr\/wp-content\/uploads\/2023\/05\/JHL9294_DxO-768x518.jpg 768w\" sizes=\"auto, (max-width: 960px) 100vw, 960px\" \/><\/a><\/p>\n<p>LA FICHE TECHNIQUE :<\/p>\n<p>&#8211; Fanfare accoustique et m\u00e9gaphonique<\/p>\n<p>&#8211; Set adaptable en fonction de la pr\u00e9sentation<\/p>\n<p>&#8211; Set fixe de deux fois 45mn<\/p>\n<p>&#8211; D\u00e9ambulation possible dans les limites du raisonnable et du jouable<\/p>\n<p>&#8211; Tarif : nous contacter<\/p>\n<p><a href=\"http:\/\/fanfaredubono.fr\/wp-content\/uploads\/2023\/05\/2023-PROMO-DATES.pdf\"><img loading=\"lazy\" decoding=\"async\" class=\"wp-image-6640 alignleft\" src=\"http:\/\/fanfaredubono.fr\/wp-content\/uploads\/2023\/02\/Unknown-1.jpeg\" alt=\"\" width=\"117\" height=\"77\" \/><\/a><\/p>\n<p style=\"text-align: left;\"><span style=\"font-size: medium;\"><span style=\"font-family: Calibri,serif;\"><b>Fanfare du Bono<br \/>\n<\/b><\/span><\/span><\/p>\n<p><span style=\"font-size: medium;\"><span style=\"font-family: Calibri,serif;\">courriel : <a href=\"mailto:fanfaredubono@gmail.com\" target=\"_blank\" rel=\"noopener\">fanfaredubono@gmail.com<\/a><\/span><\/span><\/p>\n<p style=\"text-align: left;\"><span style=\"font-size: medium;\"><span style=\"font-family: Calibri,serif;\">Site internet : <a href=\"http:\/\/fanfaredubono.fr\" target=\"_blank\" rel=\"noopener\">http:\/\/fanfaredubono.fr <\/a> <\/span><\/span><\/p>\n<p style=\"text-align: left;\"><span style=\"font-size: medium;\"><span style=\"font-family: Calibri,serif;\">Facebook : <a href=\"https:\/\/www.facebook.com\/FanfareDuBono\" target=\"_blank\" rel=\"noopener\">https:\/\/www.facebook.com\/FanfareDuBono<\/a> <\/span><\/span><\/p>\n<p style=\"text-align: left;\"><a href=\"http:\/\/fanfaredubono.fr\" target=\"_blank\" rel=\"noopener\">\u00a0 <\/a><a href=\"https:\/\/www.facebook.com\/FanfareDuBono\" target=\"_blank\" rel=\"noopener\">\u00a0<\/a><a href=\"http:\/\/fanfaredubono.fr\/wp-content\/uploads\/LOGO-FANFARE_COULEUR-SANS-FOND.png\"><img loading=\"lazy\" decoding=\"async\" class=\"alignnone wp-image-4826\" src=\"http:\/\/fanfaredubono.fr\/wp-content\/uploads\/LOGO-FANFARE_COULEUR-SANS-FOND-300x300.png\" alt=\"LOGO FANFARE_COULEUR SANS FOND\" width=\"97\" height=\"97\" srcset=\"https:\/\/fanfaredubono.fr\/wp-content\/uploads\/LOGO-FANFARE_COULEUR-SANS-FOND-300x300.png 300w, https:\/\/fanfaredubono.fr\/wp-content\/uploads\/LOGO-FANFARE_COULEUR-SANS-FOND-150x150.png 150w, https:\/\/fanfaredubono.fr\/wp-content\/uploads\/LOGO-FANFARE_COULEUR-SANS-FOND-1080x1080.png 1080w\" sizes=\"auto, (max-width: 97px) 100vw, 97px\" \/>\u00a0<\/a><\/p>\n<h6><\/h6>\n","protected":false},"excerpt":{"rendered":"<p>Collectif d&rsquo;une vingtaine de musiciens, la fanfare du Bono cis\u00e8le \u00e0 la meuleuse un set \u00e9clectique et \u00e9lectrique. Des Balkans au m\u00e9tal en passant par la tech&rsquo; et la chanson, le dance floor s&rsquo;enflamme, les cheveux repoussent, les pieds s&rsquo;agitent, &hellip; <a href=\"https:\/\/fanfaredubono.fr\/index.php\/la-fanfare\/\">Continuer la lecture <span class=\"meta-nav\">&rarr;<\/span><\/a><\/p>\n","protected":false},"author":1,"featured_media":9106,"parent":0,"menu_order":0,"comment_status":"closed","ping_status":"closed","template":"onecolumn-page.php","meta":{"footnotes":"","_links_to":"","_links_to_target":""},"class_list":["post-251","page","type-page","status-publish","has-post-thumbnail","hentry"],"_links":{"self":[{"href":"https:\/\/fanfaredubono.fr\/index.php\/wp-json\/wp\/v2\/pages\/251","targetHints":{"allow":["GET"]}}],"collection":[{"href":"https:\/\/fanfaredubono.fr\/index.php\/wp-json\/wp\/v2\/pages"}],"about":[{"href":"https:\/\/fanfaredubono.fr\/index.php\/wp-json\/wp\/v2\/types\/page"}],"author":[{"embeddable":true,"href":"https:\/\/fanfaredubono.fr\/index.php\/wp-json\/wp\/v2\/users\/1"}],"replies":[{"embeddable":true,"href":"https:\/\/fanfaredubono.fr\/index.php\/wp-json\/wp\/v2\/comments?post=251"}],"version-history":[{"count":8,"href":"https:\/\/fanfaredubono.fr\/index.php\/wp-json\/wp\/v2\/pages\/251\/revisions"}],"predecessor-version":[{"id":9112,"href":"https:\/\/fanfaredubono.fr\/index.php\/wp-json\/wp\/v2\/pages\/251\/revisions\/9112"}],"wp:featuredmedia":[{"embeddable":true,"href":"https:\/\/fanfaredubono.fr\/index.php\/wp-json\/wp\/v2\/media\/9106"}],"wp:attachment":[{"href":"https:\/\/fanfaredubono.fr\/index.php\/wp-json\/wp\/v2\/media?parent=251"}],"curies":[{"name":"wp","href":"https:\/\/api.w.org\/{rel}","templated":true}]}}