{"id":7754,"date":"2023-12-09T12:31:25","date_gmt":"2023-12-09T11:31:25","guid":{"rendered":"http:\/\/fanfaredubono.fr\/?page_id=7754"},"modified":"2023-12-09T12:31:25","modified_gmt":"2023-12-09T11:31:25","slug":"fete-des-lumieres-2023-a-retiers","status":"publish","type":"page","link":"http:\/\/fanfaredubono.fr\/index.php\/partitions\/new-blood\/photos-2\/fete-des-lumieres-2023-a-retiers\/","title":{"rendered":"F\u00eate des Lumi\u00e8res 2023 \u00e0 Retiers"},"content":{"rendered":"\n\t\t<style type=\"text\/css\">\n\t\t\t#gallery-1 {\n\t\t\t\tmargin: auto;\n\t\t\t}\n\t\t\t#gallery-1 .gallery-item {\n\t\t\t\tfloat: left;\n\t\t\t\tmargin-top: 10px;\n\t\t\t\ttext-align: center;\n\t\t\t\twidth: 33%;\n\t\t\t}\n\t\t\t#gallery-1 img {\n\t\t\t\tborder: 2px solid #cfcfcf;\n\t\t\t}\n\t\t\t#gallery-1 .gallery-caption {\n\t\t\t\tmargin-left: 0;\n\t\t\t}\n\t\t\t\/* see gallery_shortcode() in wp-includes\/media.php *\/\n\t\t<\/style>\n\t\t<div id='gallery-1' class='gallery galleryid-7754 gallery-columns-3 gallery-size-thumbnail'><dl class='gallery-item'>\n\t\t\t<dt class='gallery-icon landscape'>\n\t\t\t\t<a href='http:\/\/fanfaredubono.fr\/index.php\/partitions\/new-blood\/photos-2\/fete-des-lumieres-2023-a-retiers\/_jhl2061_dxo-grande\/'><img loading=\"lazy\" decoding=\"async\" width=\"150\" height=\"150\" src=\"http:\/\/fanfaredubono.fr\/wp-content\/uploads\/2023\/12\/JHL2061_DxO-Grande-150x150.jpeg\" class=\"attachment-thumbnail size-thumbnail\" alt=\"\" \/><\/a>\n\t\t\t<\/dt><\/dl><dl class='gallery-item'>\n\t\t\t<dt class='gallery-icon landscape'>\n\t\t\t\t<a href='http:\/\/fanfaredubono.fr\/index.php\/partitions\/new-blood\/photos-2\/fete-des-lumieres-2023-a-retiers\/_jhl2080_dxo-grande\/'><img loading=\"lazy\" decoding=\"async\" width=\"150\" height=\"150\" src=\"http:\/\/fanfaredubono.fr\/wp-content\/uploads\/2023\/12\/JHL2080_DxO-Grande-150x150.jpeg\" class=\"attachment-thumbnail size-thumbnail\" alt=\"\" \/><\/a>\n\t\t\t<\/dt><\/dl><dl class='gallery-item'>\n\t\t\t<dt class='gallery-icon landscape'>\n\t\t\t\t<a href='http:\/\/fanfaredubono.fr\/index.php\/partitions\/new-blood\/photos-2\/fete-des-lumieres-2023-a-retiers\/_jhl2063_dxo-grande\/'><img loading=\"lazy\" decoding=\"async\" width=\"150\" height=\"150\" src=\"http:\/\/fanfaredubono.fr\/wp-content\/uploads\/2023\/12\/JHL2063_DxO-Grande-150x150.jpeg\" class=\"attachment-thumbnail size-thumbnail\" alt=\"\" \/><\/a>\n\t\t\t<\/dt><\/dl><br style=\"clear: both\" \/><dl class='gallery-item'>\n\t\t\t<dt class='gallery-icon landscape'>\n\t\t\t\t<a href='http:\/\/fanfaredubono.fr\/index.php\/partitions\/new-blood\/photos-2\/fete-des-lumieres-2023-a-retiers\/_jhl2065_dxo-grande\/'><img loading=\"lazy\" decoding=\"async\" width=\"150\" height=\"150\" src=\"http:\/\/fanfaredubono.fr\/wp-content\/uploads\/2023\/12\/JHL2065_DxO-Grande-150x150.jpeg\" class=\"attachment-thumbnail size-thumbnail\" alt=\"\" \/><\/a>\n\t\t\t<\/dt><\/dl><dl class='gallery-item'>\n\t\t\t<dt class='gallery-icon landscape'>\n\t\t\t\t<a href='http:\/\/fanfaredubono.fr\/index.php\/partitions\/new-blood\/photos-2\/fete-des-lumieres-2023-a-retiers\/_jhl2025_dxo-grande\/'><img loading=\"lazy\" decoding=\"async\" width=\"150\" height=\"150\" src=\"http:\/\/fanfaredubono.fr\/wp-content\/uploads\/2023\/12\/JHL2025_DxO-Grande-150x150.jpeg\" class=\"attachment-thumbnail size-thumbnail\" alt=\"\" \/><\/a>\n\t\t\t<\/dt><\/dl><dl class='gallery-item'>\n\t\t\t<dt class='gallery-icon landscape'>\n\t\t\t\t<a href='http:\/\/fanfaredubono.fr\/index.php\/partitions\/new-blood\/photos-2\/fete-des-lumieres-2023-a-retiers\/_jhl2020_dxo-grande\/'><img loading=\"lazy\" decoding=\"async\" width=\"150\" height=\"150\" src=\"http:\/\/fanfaredubono.fr\/wp-content\/uploads\/2023\/12\/JHL2020_DxO-Grande-150x150.jpeg\" class=\"attachment-thumbnail size-thumbnail\" alt=\"\" \/><\/a>\n\t\t\t<\/dt><\/dl><br style=\"clear: both\" \/><dl class='gallery-item'>\n\t\t\t<dt class='gallery-icon landscape'>\n\t\t\t\t<a href='http:\/\/fanfaredubono.fr\/index.php\/partitions\/new-blood\/photos-2\/fete-des-lumieres-2023-a-retiers\/_jhl2137_dxo-grande\/'><img loading=\"lazy\" decoding=\"async\" width=\"150\" height=\"150\" src=\"http:\/\/fanfaredubono.fr\/wp-content\/uploads\/2023\/12\/JHL2137_DxO-Grande-150x150.jpeg\" class=\"attachment-thumbnail size-thumbnail\" alt=\"\" \/><\/a>\n\t\t\t<\/dt><\/dl><dl class='gallery-item'>\n\t\t\t<dt class='gallery-icon landscape'>\n\t\t\t\t<a href='http:\/\/fanfaredubono.fr\/index.php\/partitions\/new-blood\/photos-2\/fete-des-lumieres-2023-a-retiers\/_jhl2098_dxo-grande\/'><img loading=\"lazy\" decoding=\"async\" width=\"150\" height=\"150\" src=\"http:\/\/fanfaredubono.fr\/wp-content\/uploads\/2023\/12\/JHL2098_DxO-Grande-150x150.jpeg\" class=\"attachment-thumbnail size-thumbnail\" alt=\"\" \/><\/a>\n\t\t\t<\/dt><\/dl><dl class='gallery-item'>\n\t\t\t<dt class='gallery-icon landscape'>\n\t\t\t\t<a href='http:\/\/fanfaredubono.fr\/index.php\/partitions\/new-blood\/photos-2\/fete-des-lumieres-2023-a-retiers\/_jhl2143_dxo-grande\/'><img loading=\"lazy\" decoding=\"async\" width=\"150\" height=\"150\" src=\"http:\/\/fanfaredubono.fr\/wp-content\/uploads\/2023\/12\/JHL2143_DxO-Grande-150x150.jpeg\" class=\"attachment-thumbnail size-thumbnail\" alt=\"\" \/><\/a>\n\t\t\t<\/dt><\/dl><br style=\"clear: both\" \/><dl class='gallery-item'>\n\t\t\t<dt class='gallery-icon landscape'>\n\t\t\t\t<a href='http:\/\/fanfaredubono.fr\/index.php\/partitions\/new-blood\/photos-2\/fete-des-lumieres-2023-a-retiers\/_jhl2195_dxo-grande\/'><img loading=\"lazy\" decoding=\"async\" width=\"150\" height=\"150\" src=\"http:\/\/fanfaredubono.fr\/wp-content\/uploads\/2023\/12\/JHL2195_DxO-Grande-150x150.jpeg\" class=\"attachment-thumbnail size-thumbnail\" alt=\"\" \/><\/a>\n\t\t\t<\/dt><\/dl><dl class='gallery-item'>\n\t\t\t<dt class='gallery-icon landscape'>\n\t\t\t\t<a href='http:\/\/fanfaredubono.fr\/index.php\/partitions\/new-blood\/photos-2\/fete-des-lumieres-2023-a-retiers\/_jhl2154_dxo-grande\/'><img loading=\"lazy\" decoding=\"async\" width=\"150\" height=\"150\" src=\"http:\/\/fanfaredubono.fr\/wp-content\/uploads\/2023\/12\/JHL2154_DxO-Grande-150x150.jpeg\" class=\"attachment-thumbnail size-thumbnail\" alt=\"\" \/><\/a>\n\t\t\t<\/dt><\/dl><dl class='gallery-item'>\n\t\t\t<dt class='gallery-icon landscape'>\n\t\t\t\t<a href='http:\/\/fanfaredubono.fr\/index.php\/partitions\/new-blood\/photos-2\/fete-des-lumieres-2023-a-retiers\/_jhl2211_dxo-grande-2\/'><img loading=\"lazy\" decoding=\"async\" width=\"150\" height=\"150\" src=\"http:\/\/fanfaredubono.fr\/wp-content\/uploads\/2023\/12\/JHL2211_DxO-Grande-150x150.jpeg\" class=\"attachment-thumbnail size-thumbnail\" alt=\"\" \/><\/a>\n\t\t\t<\/dt><\/dl><br style=\"clear: both\" \/><dl class='gallery-item'>\n\t\t\t<dt class='gallery-icon landscape'>\n\t\t\t\t<a href='http:\/\/fanfaredubono.fr\/index.php\/partitions\/new-blood\/photos-2\/fete-des-lumieres-2023-a-retiers\/_jhl2495_dxo-grande\/'><img loading=\"lazy\" decoding=\"async\" width=\"150\" height=\"150\" src=\"http:\/\/fanfaredubono.fr\/wp-content\/uploads\/2023\/12\/JHL2495_DxO-Grande-150x150.jpeg\" class=\"attachment-thumbnail size-thumbnail\" alt=\"\" \/><\/a>\n\t\t\t<\/dt><\/dl><dl class='gallery-item'>\n\t\t\t<dt class='gallery-icon landscape'>\n\t\t\t\t<a href='http:\/\/fanfaredubono.fr\/index.php\/partitions\/new-blood\/photos-2\/fete-des-lumieres-2023-a-retiers\/_jhl2484_dxo-grande\/'><img loading=\"lazy\" decoding=\"async\" width=\"150\" height=\"150\" src=\"http:\/\/fanfaredubono.fr\/wp-content\/uploads\/2023\/12\/JHL2484_DxO-Grande-150x150.jpeg\" class=\"attachment-thumbnail size-thumbnail\" alt=\"\" \/><\/a>\n\t\t\t<\/dt><\/dl><dl class='gallery-item'>\n\t\t\t<dt class='gallery-icon landscape'>\n\t\t\t\t<a href='http:\/\/fanfaredubono.fr\/index.php\/partitions\/new-blood\/photos-2\/fete-des-lumieres-2023-a-retiers\/_jhl2502_dxo-grande\/'><img loading=\"lazy\" decoding=\"async\" width=\"150\" height=\"150\" src=\"http:\/\/fanfaredubono.fr\/wp-content\/uploads\/2023\/12\/JHL2502_DxO-Grande-150x150.jpeg\" class=\"attachment-thumbnail size-thumbnail\" alt=\"\" \/><\/a>\n\t\t\t<\/dt><\/dl><br style=\"clear: both\" \/><dl class='gallery-item'>\n\t\t\t<dt class='gallery-icon landscape'>\n\t\t\t\t<a href='http:\/\/fanfaredubono.fr\/index.php\/partitions\/new-blood\/photos-2\/fete-des-lumieres-2023-a-retiers\/_jhl2527_dxo-grande\/'><img loading=\"lazy\" decoding=\"async\" width=\"150\" height=\"150\" src=\"http:\/\/fanfaredubono.fr\/wp-content\/uploads\/2023\/12\/JHL2527_DxO-Grande-150x150.jpeg\" class=\"attachment-thumbnail size-thumbnail\" alt=\"\" \/><\/a>\n\t\t\t<\/dt><\/dl><dl class='gallery-item'>\n\t\t\t<dt class='gallery-icon landscape'>\n\t\t\t\t<a href='http:\/\/fanfaredubono.fr\/index.php\/partitions\/new-blood\/photos-2\/fete-des-lumieres-2023-a-retiers\/_jhl2531_dxo-grande\/'><img loading=\"lazy\" decoding=\"async\" width=\"150\" height=\"150\" src=\"http:\/\/fanfaredubono.fr\/wp-content\/uploads\/2023\/12\/JHL2531_DxO-Grande-150x150.jpeg\" class=\"attachment-thumbnail size-thumbnail\" alt=\"\" \/><\/a>\n\t\t\t<\/dt><\/dl><dl class='gallery-item'>\n\t\t\t<dt class='gallery-icon landscape'>\n\t\t\t\t<a href='http:\/\/fanfaredubono.fr\/index.php\/partitions\/new-blood\/photos-2\/fete-des-lumieres-2023-a-retiers\/_jhl2534_dxo-grande\/'><img loading=\"lazy\" decoding=\"async\" width=\"150\" height=\"150\" src=\"http:\/\/fanfaredubono.fr\/wp-content\/uploads\/2023\/12\/JHL2534_DxO-Grande-150x150.jpeg\" class=\"attachment-thumbnail size-thumbnail\" alt=\"\" \/><\/a>\n\t\t\t<\/dt><\/dl><br style=\"clear: both\" \/><dl class='gallery-item'>\n\t\t\t<dt class='gallery-icon landscape'>\n\t\t\t\t<a href='http:\/\/fanfaredubono.fr\/index.php\/partitions\/new-blood\/photos-2\/fete-des-lumieres-2023-a-retiers\/_jhl2409_dxo-grande\/'><img loading=\"lazy\" decoding=\"async\" width=\"150\" height=\"150\" src=\"http:\/\/fanfaredubono.fr\/wp-content\/uploads\/2023\/12\/JHL2409_DxO-Grande-150x150.jpeg\" class=\"attachment-thumbnail size-thumbnail\" alt=\"\" \/><\/a>\n\t\t\t<\/dt><\/dl><dl class='gallery-item'>\n\t\t\t<dt class='gallery-icon landscape'>\n\t\t\t\t<a href='http:\/\/fanfaredubono.fr\/index.php\/partitions\/new-blood\/photos-2\/fete-des-lumieres-2023-a-retiers\/_jhl2414_dxo-grande\/'><img loading=\"lazy\" decoding=\"async\" width=\"150\" height=\"150\" src=\"http:\/\/fanfaredubono.fr\/wp-content\/uploads\/2023\/12\/JHL2414_DxO-Grande-150x150.jpeg\" class=\"attachment-thumbnail size-thumbnail\" alt=\"\" \/><\/a>\n\t\t\t<\/dt><\/dl><dl class='gallery-item'>\n\t\t\t<dt class='gallery-icon landscape'>\n\t\t\t\t<a href='http:\/\/fanfaredubono.fr\/index.php\/partitions\/new-blood\/photos-2\/fete-des-lumieres-2023-a-retiers\/_jhl2476_dxo-grande\/'><img loading=\"lazy\" decoding=\"async\" width=\"150\" height=\"150\" src=\"http:\/\/fanfaredubono.fr\/wp-content\/uploads\/2023\/12\/JHL2476_DxO-Grande-150x150.jpeg\" class=\"attachment-thumbnail size-thumbnail\" alt=\"\" \/><\/a>\n\t\t\t<\/dt><\/dl><br style=\"clear: both\" \/><dl class='gallery-item'>\n\t\t\t<dt class='gallery-icon landscape'>\n\t\t\t\t<a href='http:\/\/fanfaredubono.fr\/index.php\/partitions\/new-blood\/photos-2\/fete-des-lumieres-2023-a-retiers\/_jhl2556_dxo-grande\/'><img loading=\"lazy\" decoding=\"async\" width=\"150\" height=\"150\" src=\"http:\/\/fanfaredubono.fr\/wp-content\/uploads\/2023\/12\/JHL2556_DxO-Grande-150x150.jpeg\" class=\"attachment-thumbnail size-thumbnail\" alt=\"\" \/><\/a>\n\t\t\t<\/dt><\/dl><dl class='gallery-item'>\n\t\t\t<dt class='gallery-icon landscape'>\n\t\t\t\t<a href='http:\/\/fanfaredubono.fr\/index.php\/partitions\/new-blood\/photos-2\/fete-des-lumieres-2023-a-retiers\/_jhl2570_dxo-grande\/'><img loading=\"lazy\" decoding=\"async\" width=\"150\" height=\"150\" src=\"http:\/\/fanfaredubono.fr\/wp-content\/uploads\/2023\/12\/JHL2570_DxO-Grande-150x150.jpeg\" class=\"attachment-thumbnail size-thumbnail\" alt=\"\" \/><\/a>\n\t\t\t<\/dt><\/dl><dl class='gallery-item'>\n\t\t\t<dt class='gallery-icon landscape'>\n\t\t\t\t<a href='http:\/\/fanfaredubono.fr\/index.php\/partitions\/new-blood\/photos-2\/fete-des-lumieres-2023-a-retiers\/_jhl2689_dxo-grande\/'><img loading=\"lazy\" decoding=\"async\" width=\"150\" height=\"150\" src=\"http:\/\/fanfaredubono.fr\/wp-content\/uploads\/2023\/12\/JHL2689_DxO-Grande-150x150.jpeg\" class=\"attachment-thumbnail size-thumbnail\" alt=\"\" \/><\/a>\n\t\t\t<\/dt><\/dl><br style=\"clear: both\" \/><dl class='gallery-item'>\n\t\t\t<dt class='gallery-icon landscape'>\n\t\t\t\t<a href='http:\/\/fanfaredubono.fr\/index.php\/partitions\/new-blood\/photos-2\/fete-des-lumieres-2023-a-retiers\/_jhl2748_dxo-grande\/'><img loading=\"lazy\" decoding=\"async\" width=\"150\" height=\"150\" src=\"http:\/\/fanfaredubono.fr\/wp-content\/uploads\/2023\/12\/JHL2748_DxO-Grande-150x150.jpeg\" class=\"attachment-thumbnail size-thumbnail\" alt=\"\" \/><\/a>\n\t\t\t<\/dt><\/dl>\n\t\t\t<br style='clear: both' \/>\n\t\t<\/div>\n\n","protected":false},"excerpt":{"rendered":"","protected":false},"author":1,"featured_media":0,"parent":653,"menu_order":0,"comment_status":"closed","ping_status":"closed","template":"onecolumn-page.php","meta":{"footnotes":"","_links_to":"","_links_to_target":""},"class_list":["post-7754","page","type-page","status-publish","hentry"],"_links":{"self":[{"href":"http:\/\/fanfaredubono.fr\/index.php\/wp-json\/wp\/v2\/pages\/7754","targetHints":{"allow":["GET"]}}],"collection":[{"href":"http:\/\/fanfaredubono.fr\/index.php\/wp-json\/wp\/v2\/pages"}],"about":[{"href":"http:\/\/fanfaredubono.fr\/index.php\/wp-json\/wp\/v2\/types\/page"}],"author":[{"embeddable":true,"href":"http:\/\/fanfaredubono.fr\/index.php\/wp-json\/wp\/v2\/users\/1"}],"replies":[{"embeddable":true,"href":"http:\/\/fanfaredubono.fr\/index.php\/wp-json\/wp\/v2\/comments?post=7754"}],"version-history":[{"count":1,"href":"http:\/\/fanfaredubono.fr\/index.php\/wp-json\/wp\/v2\/pages\/7754\/revisions"}],"predecessor-version":[{"id":7780,"href":"http:\/\/fanfaredubono.fr\/index.php\/wp-json\/wp\/v2\/pages\/7754\/revisions\/7780"}],"up":[{"embeddable":true,"href":"http:\/\/fanfaredubono.fr\/index.php\/wp-json\/wp\/v2\/pages\/653"}],"wp:attachment":[{"href":"http:\/\/fanfaredubono.fr\/index.php\/wp-json\/wp\/v2\/media?parent=7754"}],"curies":[{"name":"wp","href":"https:\/\/api.w.org\/{rel}","templated":true}]}}