{"id":2854,"date":"2015-10-29T22:23:40","date_gmt":"2015-10-29T20:23:40","guid":{"rendered":"http:\/\/fanfaredubono.fr\/?page_id=2854"},"modified":"2017-09-14T01:36:46","modified_gmt":"2017-09-13T23:36:46","slug":"trombi","status":"publish","type":"page","link":"http:\/\/fanfaredubono.fr\/index.php\/trombi\/","title":{"rendered":"Trombinoscope 2018"},"content":{"rendered":"<p>&nbsp;<\/p>\n<p>Les Fl\u00fbtes<\/p>\n<p><a href=\"http:\/\/fanfaredubono.fr\/wp-content\/uploads\/aurore_flute.png\"><img loading=\"lazy\" decoding=\"async\" class=\"alignnone wp-image-2858 size-thumbnail\" src=\"http:\/\/fanfaredubono.fr\/wp-content\/uploads\/aurore_flute-150x150.png\" alt=\"aurore_flute\" width=\"150\" height=\"150\" srcset=\"http:\/\/fanfaredubono.fr\/wp-content\/uploads\/aurore_flute-150x150.png 150w, http:\/\/fanfaredubono.fr\/wp-content\/uploads\/aurore_flute-300x300.png 300w, http:\/\/fanfaredubono.fr\/wp-content\/uploads\/aurore_flute.png 320w\" sizes=\"auto, (max-width: 150px) 100vw, 150px\" \/><img loading=\"lazy\" decoding=\"async\" class=\"alignnone wp-image-2860 size-thumbnail\" src=\"http:\/\/fanfaredubono.fr\/wp-content\/uploads\/elisa_flute-150x150.png\" alt=\"elisa_flute\" width=\"150\" height=\"150\" srcset=\"http:\/\/fanfaredubono.fr\/wp-content\/uploads\/elisa_flute-150x150.png 150w, http:\/\/fanfaredubono.fr\/wp-content\/uploads\/elisa_flute-300x300.png 300w, http:\/\/fanfaredubono.fr\/wp-content\/uploads\/elisa_flute.png 320w\" sizes=\"auto, (max-width: 150px) 100vw, 150px\" \/><\/a><a href=\"http:\/\/fanfaredubono.fr\/wp-content\/uploads\/jeannick_flute.png\"><img loading=\"lazy\" decoding=\"async\" class=\"alignnone wp-image-2861 size-thumbnail\" src=\"http:\/\/fanfaredubono.fr\/wp-content\/uploads\/jeannick_flute-150x150.png\" alt=\"jeannick_flute\" width=\"150\" height=\"150\" srcset=\"http:\/\/fanfaredubono.fr\/wp-content\/uploads\/jeannick_flute-150x150.png 150w, http:\/\/fanfaredubono.fr\/wp-content\/uploads\/jeannick_flute-300x300.png 300w, http:\/\/fanfaredubono.fr\/wp-content\/uploads\/jeannick_flute.png 320w\" sizes=\"auto, (max-width: 150px) 100vw, 150px\" \/><\/a><\/p>\n<p>Les Clarinettes<\/p>\n<p><a href=\"http:\/\/fanfaredubono.fr\/wp-content\/uploads\/bertrand_clarinette.png\"><img loading=\"lazy\" decoding=\"async\" class=\"alignnone wp-image-2887 size-thumbnail\" src=\"http:\/\/fanfaredubono.fr\/wp-content\/uploads\/bertrand_clarinette-150x150.png\" alt=\"bertrand_clarinette\" width=\"150\" height=\"150\" srcset=\"http:\/\/fanfaredubono.fr\/wp-content\/uploads\/bertrand_clarinette-150x150.png 150w, http:\/\/fanfaredubono.fr\/wp-content\/uploads\/bertrand_clarinette-300x300.png 300w, http:\/\/fanfaredubono.fr\/wp-content\/uploads\/bertrand_clarinette.png 320w\" sizes=\"auto, (max-width: 150px) 100vw, 150px\" \/><\/a><a href=\"http:\/\/fanfaredubono.fr\/wp-content\/uploads\/gwen_clarinette.png\"><img loading=\"lazy\" decoding=\"async\" class=\"alignnone wp-image-2889 size-thumbnail\" src=\"http:\/\/fanfaredubono.fr\/wp-content\/uploads\/gwen_clarinette-150x150.png\" alt=\"gwen_clarinette\" width=\"150\" height=\"150\" srcset=\"http:\/\/fanfaredubono.fr\/wp-content\/uploads\/gwen_clarinette-150x150.png 150w, http:\/\/fanfaredubono.fr\/wp-content\/uploads\/gwen_clarinette-300x300.png 300w, http:\/\/fanfaredubono.fr\/wp-content\/uploads\/gwen_clarinette.png 320w\" sizes=\"auto, (max-width: 150px) 100vw, 150px\" \/><\/a><\/p>\n<p>Le Soprano<\/p>\n<p><a href=\"http:\/\/fanfaredubono.fr\/wp-content\/uploads\/max_clarinette.png\"><img loading=\"lazy\" decoding=\"async\" class=\"alignnone wp-image-2891 size-thumbnail\" src=\"http:\/\/fanfaredubono.fr\/wp-content\/uploads\/max_clarinette-150x150.png\" alt=\"max_clarinette\" width=\"150\" height=\"150\" srcset=\"http:\/\/fanfaredubono.fr\/wp-content\/uploads\/max_clarinette-150x150.png 150w, http:\/\/fanfaredubono.fr\/wp-content\/uploads\/max_clarinette-300x300.png 300w, http:\/\/fanfaredubono.fr\/wp-content\/uploads\/max_clarinette.png 320w\" sizes=\"auto, (max-width: 150px) 100vw, 150px\" \/><\/a><\/p>\n<p>Les Altos<\/p>\n<p><a href=\"http:\/\/fanfaredubono.fr\/wp-content\/uploads\/DesireAlto.png\"><img loading=\"lazy\" decoding=\"async\" class=\"alignnone wp-image-2891 size-thumbnail\" src=\"http:\/\/fanfaredubono.fr\/wp-content\/uploads\/DesireAlto.png\" alt=\"Desire\" width=\"150\" height=\"150\" \/><img loading=\"lazy\" decoding=\"async\" class=\"alignnone wp-image-2891 size-thumbnail\" src=\"http:\/\/fanfaredubono.fr\/wp-content\/uploads\/GaelleAlto.png\" alt=\"Ga\u00eblle\" width=\"150\" height=\"150\" \/><\/a><a href=\"http:\/\/fanfaredubono.fr\/wp-content\/uploads\/JulienAlto.png\"><img loading=\"lazy\" decoding=\"async\" class=\"alignnone wp-image-2891 size-thumbnail\" src=\"http:\/\/fanfaredubono.fr\/wp-content\/uploads\/JulienAlto.png\" alt=\"Julien\" width=\"150\" height=\"150\" \/><\/a><a href=\"http:\/\/fanfaredubono.fr\/wp-content\/uploads\/magalie_alto.png\"><img loading=\"lazy\" decoding=\"async\" class=\"alignnone wp-image-2891 size-thumbnail\" src=\"http:\/\/fanfaredubono.fr\/wp-content\/uploads\/magalie_alto.png\" alt=\"magalie\" width=\"150\" height=\"150\" \/><\/a><a href=\"http:\/\/fanfaredubono.fr\/wp-content\/uploads\/SylvainAlto.png\"><img loading=\"lazy\" decoding=\"async\" class=\"alignnone wp-image-2891 size-thumbnail\" src=\"http:\/\/fanfaredubono.fr\/wp-content\/uploads\/SylvainAlto.png\" alt=\"Sylvain\" width=\"150\" height=\"150\" \/><\/a><\/p>\n<p>Les T\u00e9nors<\/p>\n<p><a href=\"http:\/\/fanfaredubono.fr\/wp-content\/uploads\/gaby_tenor.png\"><img loading=\"lazy\" decoding=\"async\" class=\"alignnone wp-image-2880 size-thumbnail\" src=\"http:\/\/fanfaredubono.fr\/wp-content\/uploads\/gaby_tenor-150x150.png\" alt=\"gaby_tenor\" width=\"150\" height=\"150\" srcset=\"http:\/\/fanfaredubono.fr\/wp-content\/uploads\/gaby_tenor-150x150.png 150w, http:\/\/fanfaredubono.fr\/wp-content\/uploads\/gaby_tenor-300x300.png 300w, http:\/\/fanfaredubono.fr\/wp-content\/uploads\/gaby_tenor.png 320w\" sizes=\"auto, (max-width: 150px) 100vw, 150px\" \/><\/a><a href=\"http:\/\/fanfaredubono.fr\/wp-content\/uploads\/jacky_tenor.png\"><img loading=\"lazy\" decoding=\"async\" class=\"alignnone wp-image-2876 size-thumbnail\" src=\"http:\/\/fanfaredubono.fr\/wp-content\/uploads\/jacky_tenor-150x150.png\" alt=\"jacky_tenor\" width=\"150\" height=\"150\" srcset=\"http:\/\/fanfaredubono.fr\/wp-content\/uploads\/jacky_tenor-150x150.png 150w, http:\/\/fanfaredubono.fr\/wp-content\/uploads\/jacky_tenor-300x300.png 300w, http:\/\/fanfaredubono.fr\/wp-content\/uploads\/jacky_tenor.png 320w\" sizes=\"auto, (max-width: 150px) 100vw, 150px\" \/><\/a><a href=\"http:\/\/fanfaredubono.fr\/wp-content\/uploads\/nico_tenor.png\"><img loading=\"lazy\" decoding=\"async\" class=\"alignnone wp-image-2878 size-thumbnail\" src=\"http:\/\/fanfaredubono.fr\/wp-content\/uploads\/jerome_tenor-150x150.png\" alt=\"jerome_tenor\" width=\"150\" height=\"150\" srcset=\"http:\/\/fanfaredubono.fr\/wp-content\/uploads\/jerome_tenor-150x150.png 150w, http:\/\/fanfaredubono.fr\/wp-content\/uploads\/jerome_tenor-300x300.png 300w, http:\/\/fanfaredubono.fr\/wp-content\/uploads\/jerome_tenor.png 320w\" sizes=\"auto, (max-width: 150px) 100vw, 150px\" \/><img loading=\"lazy\" decoding=\"async\" class=\"alignnone wp-image-2879 size-thumbnail\" src=\"http:\/\/fanfaredubono.fr\/wp-content\/uploads\/nico_tenor-150x150.png\" alt=\"nico_tenor\" width=\"150\" height=\"150\" srcset=\"http:\/\/fanfaredubono.fr\/wp-content\/uploads\/nico_tenor-150x150.png 150w, http:\/\/fanfaredubono.fr\/wp-content\/uploads\/nico_tenor-300x300.png 300w, http:\/\/fanfaredubono.fr\/wp-content\/uploads\/nico_tenor.png 320w\" sizes=\"auto, (max-width: 150px) 100vw, 150px\" \/><\/a><\/p>\n<p>Le Baryton<\/p>\n<p><a href=\"http:\/\/fanfaredubono.fr\/wp-content\/uploads\/yvonick_alto.png\"><img loading=\"lazy\" decoding=\"async\" class=\"alignnone wp-image-2886 size-thumbnail\" src=\"http:\/\/fanfaredubono.fr\/wp-content\/uploads\/yvonick_alto-150x150.png\" alt=\"yvonick_alto\" width=\"150\" height=\"150\" srcset=\"http:\/\/fanfaredubono.fr\/wp-content\/uploads\/yvonick_alto-150x150.png 150w, http:\/\/fanfaredubono.fr\/wp-content\/uploads\/yvonick_alto-300x300.png 300w, http:\/\/fanfaredubono.fr\/wp-content\/uploads\/yvonick_alto.png 320w\" sizes=\"auto, (max-width: 150px) 100vw, 150px\" \/><\/a><\/p>\n<p>Les Percus<\/p>\n<p><a href=\"http:\/\/fanfaredubono.fr\/wp-content\/uploads\/damien_percu.png\"><img loading=\"lazy\" decoding=\"async\" class=\"alignnone wp-image-2870 size-thumbnail\" src=\"http:\/\/fanfaredubono.fr\/wp-content\/uploads\/damien_percu-150x150.png\" alt=\"damien_percu\" width=\"150\" height=\"150\" srcset=\"http:\/\/fanfaredubono.fr\/wp-content\/uploads\/damien_percu-150x150.png 150w, http:\/\/fanfaredubono.fr\/wp-content\/uploads\/damien_percu-300x300.png 300w, http:\/\/fanfaredubono.fr\/wp-content\/uploads\/damien_percu.png 320w\" sizes=\"auto, (max-width: 150px) 100vw, 150px\" \/><\/a><a href=\"http:\/\/fanfaredubono.fr\/wp-content\/uploads\/gael_percu.png\"><img loading=\"lazy\" decoding=\"async\" class=\"alignnone wp-image-2871 size-thumbnail\" src=\"http:\/\/fanfaredubono.fr\/wp-content\/uploads\/gael_percu-150x150.png\" alt=\"gael_percu\" width=\"150\" height=\"150\" srcset=\"http:\/\/fanfaredubono.fr\/wp-content\/uploads\/gael_percu-150x150.png 150w, http:\/\/fanfaredubono.fr\/wp-content\/uploads\/gael_percu-300x300.png 300w, http:\/\/fanfaredubono.fr\/wp-content\/uploads\/gael_percu.png 320w\" sizes=\"auto, (max-width: 150px) 100vw, 150px\" \/><\/a><a href=\"http:\/\/fanfaredubono.fr\/wp-content\/uploads\/mika_percu1.png\"><img loading=\"lazy\" decoding=\"async\" class=\"alignnone wp-image-2874 size-thumbnail\" src=\"http:\/\/fanfaredubono.fr\/wp-content\/uploads\/michel_percu-150x150.png\" alt=\"michel_percu\" width=\"150\" height=\"150\" srcset=\"http:\/\/fanfaredubono.fr\/wp-content\/uploads\/michel_percu-150x150.png 150w, http:\/\/fanfaredubono.fr\/wp-content\/uploads\/michel_percu-300x300.png 300w, http:\/\/fanfaredubono.fr\/wp-content\/uploads\/michel_percu.png 320w\" sizes=\"auto, (max-width: 150px) 100vw, 150px\" \/><img loading=\"lazy\" decoding=\"async\" class=\"alignnone wp-image-2873 size-thumbnail\" src=\"http:\/\/fanfaredubono.fr\/wp-content\/uploads\/mika_percu1-150x150.png\" alt=\"mika_percu\" width=\"150\" height=\"150\" srcset=\"http:\/\/fanfaredubono.fr\/wp-content\/uploads\/mika_percu1-150x150.png 150w, http:\/\/fanfaredubono.fr\/wp-content\/uploads\/mika_percu1-300x300.png 300w, http:\/\/fanfaredubono.fr\/wp-content\/uploads\/mika_percu1.png 320w\" sizes=\"auto, (max-width: 150px) 100vw, 150px\" \/><\/a><a href=\"http:\/\/fanfaredubono.fr\/wp-content\/uploads\/pierreYves_percu1.png\"><img loading=\"lazy\" decoding=\"async\" class=\"alignnone wp-image-2896 size-thumbnail\" src=\"http:\/\/fanfaredubono.fr\/wp-content\/uploads\/pierreYves_percu1-150x150.png\" alt=\"pierreYves_percu\" width=\"150\" height=\"150\" srcset=\"http:\/\/fanfaredubono.fr\/wp-content\/uploads\/pierreYves_percu1-150x150.png 150w, http:\/\/fanfaredubono.fr\/wp-content\/uploads\/pierreYves_percu1-300x300.png 300w, http:\/\/fanfaredubono.fr\/wp-content\/uploads\/pierreYves_percu1.png 320w\" sizes=\"auto, (max-width: 150px) 100vw, 150px\" \/><\/a><\/p>\n<p>Le souba<\/p>\n<p><a href=\"http:\/\/fanfaredubono.fr\/wp-content\/uploads\/pascal_souba.png\"><img loading=\"lazy\" decoding=\"async\" class=\"alignnone wp-image-2869 size-thumbnail\" src=\"http:\/\/fanfaredubono.fr\/wp-content\/uploads\/pascal_souba-150x150.png\" alt=\"pascal_souba\" width=\"150\" height=\"150\" srcset=\"http:\/\/fanfaredubono.fr\/wp-content\/uploads\/pascal_souba-150x150.png 150w, http:\/\/fanfaredubono.fr\/wp-content\/uploads\/pascal_souba-300x300.png 300w, http:\/\/fanfaredubono.fr\/wp-content\/uploads\/pascal_souba.png 320w\" sizes=\"auto, (max-width: 150px) 100vw, 150px\" \/><\/a><\/p>\n<p>Les Trompettes<\/p>\n<p><a href=\"http:\/\/fanfaredubono.fr\/wp-content\/uploads\/anne_trompette.png\"><img loading=\"lazy\" decoding=\"async\" class=\"alignnone wp-image-2863 size-thumbnail\" src=\"http:\/\/fanfaredubono.fr\/wp-content\/uploads\/anne_trompette-150x150.png\" alt=\"anne_trompette\" width=\"150\" height=\"150\" srcset=\"http:\/\/fanfaredubono.fr\/wp-content\/uploads\/anne_trompette-150x150.png 150w, http:\/\/fanfaredubono.fr\/wp-content\/uploads\/anne_trompette-300x300.png 300w, http:\/\/fanfaredubono.fr\/wp-content\/uploads\/anne_trompette.png 320w\" sizes=\"auto, (max-width: 150px) 100vw, 150px\" \/><\/a><a href=\"http:\/\/fanfaredubono.fr\/wp-content\/uploads\/catherine_trompette.png\"><img loading=\"lazy\" decoding=\"async\" class=\"alignnone wp-image-2864 size-thumbnail\" src=\"http:\/\/fanfaredubono.fr\/wp-content\/uploads\/catherine_trompette-150x150.png\" alt=\"catherine_trompette\" width=\"150\" height=\"150\" srcset=\"http:\/\/fanfaredubono.fr\/wp-content\/uploads\/catherine_trompette-150x150.png 150w, http:\/\/fanfaredubono.fr\/wp-content\/uploads\/catherine_trompette-300x300.png 300w, http:\/\/fanfaredubono.fr\/wp-content\/uploads\/catherine_trompette.png 320w\" sizes=\"auto, (max-width: 150px) 100vw, 150px\" \/><\/a><a href=\"http:\/\/fanfaredubono.fr\/wp-content\/uploads\/claire_trompette.png\"><img loading=\"lazy\" decoding=\"async\" class=\"alignnone wp-image-2865 size-thumbnail\" src=\"http:\/\/fanfaredubono.fr\/wp-content\/uploads\/claire_trompette-150x150.png\" alt=\"claire_trompette\" width=\"150\" height=\"150\" srcset=\"http:\/\/fanfaredubono.fr\/wp-content\/uploads\/claire_trompette-150x150.png 150w, http:\/\/fanfaredubono.fr\/wp-content\/uploads\/claire_trompette-300x300.png 300w, http:\/\/fanfaredubono.fr\/wp-content\/uploads\/claire_trompette.png 320w\" sizes=\"auto, (max-width: 150px) 100vw, 150px\" \/><\/a><a href=\"http:\/\/fanfaredubono.fr\/wp-content\/uploads\/jean-marc_trompette.png\"><img loading=\"lazy\" decoding=\"async\" class=\"alignnone wp-image-2866 size-thumbnail\" src=\"http:\/\/fanfaredubono.fr\/wp-content\/uploads\/jean-marc_trompette-150x150.png\" alt=\"jean-marc_trompette\" width=\"150\" height=\"150\" srcset=\"http:\/\/fanfaredubono.fr\/wp-content\/uploads\/jean-marc_trompette-150x150.png 150w, http:\/\/fanfaredubono.fr\/wp-content\/uploads\/jean-marc_trompette-300x300.png 300w, http:\/\/fanfaredubono.fr\/wp-content\/uploads\/jean-marc_trompette.png 320w\" sizes=\"auto, (max-width: 150px) 100vw, 150px\" \/><\/a><\/p>\n<p>Les Trombones<\/p>\n<p><a href=\"http:\/\/fanfaredubono.fr\/wp-content\/uploads\/DidierTrombone.png\"><img loading=\"lazy\" decoding=\"async\" class=\"alignnone wp-image-2867 size-thumbnail\" src=\"http:\/\/fanfaredubono.fr\/wp-content\/uploads\/DidierTrombone.png\" alt=\"Didier\" width=\"150\" height=\"150\" \/><\/a><a href=\"http:\/\/fanfaredubono.fr\/wp-content\/uploads\/patrick_trombone.png\"><img loading=\"lazy\" decoding=\"async\" class=\"alignnone wp-image-2867 size-thumbnail\" src=\"http:\/\/fanfaredubono.fr\/wp-content\/uploads\/patrick_trombone-150x150.png\" alt=\"patrick_trombone\" width=\"150\" height=\"150\" srcset=\"http:\/\/fanfaredubono.fr\/wp-content\/uploads\/patrick_trombone-150x150.png 150w, http:\/\/fanfaredubono.fr\/wp-content\/uploads\/patrick_trombone-300x300.png 300w, http:\/\/fanfaredubono.fr\/wp-content\/uploads\/patrick_trombone.png 320w\" sizes=\"auto, (max-width: 150px) 100vw, 150px\" \/><\/a><a href=\"http:\/\/fanfaredubono.fr\/wp-content\/uploads\/SandrineTrombone.png\"><img loading=\"lazy\" decoding=\"async\" class=\"alignnone wp-image-2867 size-thumbnail\" src=\"http:\/\/fanfaredubono.fr\/wp-content\/uploads\/SandrineTrombone.png\" alt=\"Sandrine\" width=\"150\" height=\"150\" \/><\/a><\/p>\n<p>L&rsquo;accord\u00e9on<\/p>\n<p><a href=\"http:\/\/fanfaredubono.fr\/wp-content\/uploads\/MarieAccordeon.png\"><img loading=\"lazy\" decoding=\"async\" class=\"alignnone wp-image-2867 size-thumbnail\" src=\"http:\/\/fanfaredubono.fr\/wp-content\/uploads\/MarieAccordeon.png\" alt=\"Marie Accordeon\" width=\"150\" height=\"150\" \/><\/a><br \/>\n&nbsp;<\/p>\n<p>&nbsp;<\/p>\n<p>&nbsp;<\/p>\n<p>&nbsp;<\/p>\n<p>&nbsp;<\/p>\n<p>&nbsp;<\/p>\n<p>&nbsp;<\/p>\n<p>&nbsp;<\/p>\n<p>&nbsp;<\/p>\n<p>&nbsp;<\/p>\n<p>&nbsp;<\/p>\n<p>&nbsp;<\/p>\n<p>&nbsp;<\/p>\n<p>&nbsp;<\/p>\n<p>&nbsp;<\/p>\n<p>&nbsp;<\/p>\n<p>&nbsp;<\/p>\n<p>&nbsp;<\/p>\n","protected":false},"excerpt":{"rendered":"<p>&nbsp; Les Fl\u00fbtes Les Clarinettes Le Soprano Les Altos Les T\u00e9nors Le Baryton Les Percus Le souba Les Trompettes Les Trombones L&rsquo;accord\u00e9on &nbsp; &nbsp; &nbsp; &nbsp; &nbsp; &nbsp; &nbsp; &nbsp; &nbsp; &nbsp; &nbsp; &nbsp; &nbsp; &nbsp; &nbsp; &nbsp; &nbsp; &nbsp;<\/p>\n","protected":false},"author":1,"featured_media":0,"parent":0,"menu_order":0,"comment_status":"closed","ping_status":"open","template":"onecolumn-page.php","meta":{"footnotes":"","_links_to":"","_links_to_target":""},"class_list":["post-2854","page","type-page","status-publish","hentry"],"_links":{"self":[{"href":"http:\/\/fanfaredubono.fr\/index.php\/wp-json\/wp\/v2\/pages\/2854","targetHints":{"allow":["GET"]}}],"collection":[{"href":"http:\/\/fanfaredubono.fr\/index.php\/wp-json\/wp\/v2\/pages"}],"about":[{"href":"http:\/\/fanfaredubono.fr\/index.php\/wp-json\/wp\/v2\/types\/page"}],"author":[{"embeddable":true,"href":"http:\/\/fanfaredubono.fr\/index.php\/wp-json\/wp\/v2\/users\/1"}],"replies":[{"embeddable":true,"href":"http:\/\/fanfaredubono.fr\/index.php\/wp-json\/wp\/v2\/comments?post=2854"}],"version-history":[{"count":0,"href":"http:\/\/fanfaredubono.fr\/index.php\/wp-json\/wp\/v2\/pages\/2854\/revisions"}],"wp:attachment":[{"href":"http:\/\/fanfaredubono.fr\/index.php\/wp-json\/wp\/v2\/media?parent=2854"}],"curies":[{"name":"wp","href":"https:\/\/api.w.org\/{rel}","templated":true}]}}